{"id":11539,"date":"2022-10-05T13:38:26","date_gmt":"2022-10-05T13:38:26","guid":{"rendered":"https:\/\/bokforlagetstolpe.com\/?page_id=11539"},"modified":"2026-04-13T11:35:45","modified_gmt":"2026-04-13T11:35:45","slug":"about-hilma-af-klint","status":"publish","type":"page","link":"https:\/\/bokforlagetstolpe.com\/en\/about-hilma-af-klint\/","title":{"rendered":"About Hilma af Klint"},"content":{"rendered":"\n<div class=\"section-x-padding\">\n    <p class=\"body-xl font-indigo section-inner-width mx-auto my-8 text-center\">\n        Hilma af Klint (1862\u20131944) is one of Sweden\u2019s most celebrated artists, but for a long time she was almost completely unknown. Today she is internationally recognised for her pioneering role in abstract art.    <\/p>\n<\/div>\n\n\n<div class=\"section-x-padding\">\n    <div class=\"wysiwyg section-inner-width mx-auto my-8\">\n        <p>After finishing her studies at the Royal Swedish Academy of Fine Arts in 1889, af Klint established herself as an artist in Stockholm, producing among other works portraits, landscapes and illustrations of a fairly conventional nature. She developed an interest in spiritualism in her youth and later also in the Hindu-Christian theosophy of Annie Besant and Rosicrucian anthroposophy.<\/p>\n<p>Movements such as these had gained widespread popularity and were part of the Zeitgeist, especially among the upper classes and in artistic and literary circles, as people sought to reconcile religious beliefs with scientific advances. af Klint\u2019s traditional paintings provided a source of income, but what she later referred to as her \u2018great commission\u2019 remained a separate activity. Only spiritually interested audiences knew about these works. She showed them to like-minded individuals but did not want the general public to see them. She agreed with Rudolf Steiner that mankind was not yet morally evolved enough to understand the message and be initiated in the mysteries.<\/p>\n<p>Much of Hilma af Klint\u2019s work process was collaborative. While a student, she met Anna Cassel (1860\u20131937), who was to become one of her closest friends and colleagues. In 1896, together with Cornelia Cederberg, Sigrid Hedman and Mathilda Nilsson, they formed a Christian group called The Five, which explored the spiritual world through prayer, meditation and s\u00e9ances. The group was convinced they could communicate with mystic beings, which they called The High Masters, when they entered a trance-like state. Sigrid Hedman was the main recipient of spiritual messages, while Anna Cassel occasionally received them. As Hedman talked in a trance, the others would make a record of the messages, mostly written by hand but sometimes also in automatic drawings or psychographs. af Klint was relatively passive in the group and did not act as a medium.<\/p>\n<p>The last s\u00e9ance of The Five was held in May 1907, with the group finally breaking up at Christmas 1907. af Klint had wished to be recognised as the leader of the group, which the other members found hard to accept. After the group dissolved, af Klint focused solely on her spiritual work in collaboration with a new group \u2013 this work is today known as The Paintings for the Temple.<\/p>\n<h3>Hilma af Klint \u2013 biography<\/h3>\n<p>1862 Hilma af Klint is born on 26 October at Karlberg Palace outside Stockholm.<\/p>\n<p>1882\u20131889 Studies at the Royal Academy of Fine Arts in Stockholm.<\/p>\n<p>1886\u20131914 Regularly shows her traditional art in exhibitions, mostly organised by the Swedish Association for Art (Sveriges Allm\u00e4nna Konstf\u00f6rening).<\/p>\n<p>1888 Is one of three prize winners in the category of human figure painting at the Academy and receives a grant, in person, from King Oscar II.<\/p>\n<p>1896\u20131897 Joins the spiritual circle the Edelweiss Society (Edelweissf\u00f6rbundet) and develops some of her key beliefs as a member. Among them are the idea of building a temple, the duality of twin souls, and the Nordic region as a chosen place to start a new religion.<\/p>\n<p>1896 The group The Five (De Fem), consisting of Sigrid Hedman, Cornelia Cederberg, Mathilda Nilsson, Anna Cassel and Hilma af Klint, is formed. The meetings are documented in notebooks through automatic writing and sketching.<\/p>\n<p>1898 Her father, Fredrik Victor af Klint, dies.<\/p>\n<p>1899 Moves with her mother to Brahegatan 52 in Stockholm.<\/p>\n<p>1900\u20131901 Together with Anna Cassel illustrates a book on horse surgery, Grunddragen af h\u00e4stens operativa speciella kirurgi, by Swedish veterinarian John Vennerholm.<\/p>\n<p>1902\u20131908 Rents a studio at Hamngatan 9 in Stockholm.<\/p>\n<p>1903 Travels to Germany, and most likely also to Italy, with Anna Cassel.<\/p>\n<p>1906 Starting in October, produces one hundred and twenty sketches with Anna Cassel for their first spiritual paintings. Swedish art historian \u00c5ke Fant later calls this first series Primordial Chaos.<\/p>\n<p>1907 Paints the series Eros, The Great Figure Paintings and The Ten Largest. Works in a building with shared studio space at Hamngatan 5 above Blanch\u2019s Caf\u00e9 together with Alma Arnell and Lotten R\u00f6nquist. The group The Five disbands. Af Klint starts to develop her great interest in Rudolf Steiner\u2019s Rosicrucian theosophy, later known as Anthroposophy. A new group is formed.<\/p>\n<p>1908 Meets Steiner in the spring at his lecture on Rosicrucianism in Stockholm. In June, she writes and asks him whether he could pose as the mythical founder of the Rosicrucian Order, Christian Rosenkreutz. She also asks him to come see her paintings and continues to meet Steiner on numerous occasions in 1910, 1912 and 1914.<\/p>\n<p>1909\u20131910 The new group continues their collaboration both through painting and spiritual work. Completes A Female Series. Attends a Theosophical Society conference in N\u00f6rrk\u00f6ping where Rudolf Steiner is a speaker. Later that year, Steiner is officially banned from the Theosophical Society, which spurs him to form the Anthroposophical Society in 1913.<\/p>\n<p>1910 Shows her paintings to Rudolf Steiner, most likely during his visit to Stockholm, and he points out which ones he considers symbolically most significant. af Klint joins the Society of Swedish Women Artists (F\u00f6reningen Svenska Konstn\u00e4rinnor) and is appointed secretary. Paints portraits of the physicist Knut \u00c5ngstr\u00f6m (1857\u20131910) and the linguistics professor Johan August Lundell (1851\u20131940).<\/p>\n<p>1913 Buys a house on the island of Muns\u00f6 in Lake M\u00e4laren outside Stockholm together with her group of female friends. Paints the US series and begins The Tree of Knowledge series. Exhibits her A Male and A Female series. The new group\u2019s spiritual practice is set up on Muns\u00f6, with the goal of launching a renewal of Christianity based on theosophical Rosicrucianism.<\/p>\n<p>1914 Exhibits a naturalistic painting at the Baltic fair in Malm\u00f6. The First World War breaks out. Begins The Swan series. Rents studios at various addresses in Stockholm, including on Eriksbergsgatan in 1914\u20131915 and Ynglingagatan in 1915\u20131916.<\/p>\n<p>1915 The Paintings for the Temple series is completed after she finishes The Tree of Knowledge, The Swan, The Dove and The Altarpieces. In all, The Paintings for the Temple consists of 193 paintings.<\/p>\n<p>1916 Paints the Parsifal series.<\/p>\n<p>1917 A new studio is built on Muns\u00f6. Paints The Atom series. Writes a book of 2,000 pages titled Studies of the Life of the Soul.<\/p>\n<p>1918 Moves to Muns\u00f6 with her mother and the nurse Thomasine Andersson, af Klint\u2019s partner since 1914 and her life-long companion.<\/p>\n<p>1919 Starts work on a notebook written in German entitled Flowers, Mosses and Lichen in collaboration with Thomasine Andersson.<\/p>\n<p>1920\u20131930 Joins the Anthroposophical Society, which later leads to membership in the Esoteric School at the Goetheanum, Rudolf Steiner\u2019s temple in Dornach, Switzerland. During these years, spends long periods at the Goetheanum accompanied by Thomasine Andersson.<\/p>\n<p>1920 af Klint\u2019s mother Mathilda (n\u00e9e Sonntag) dies.<\/p>\n<p>1922 From now on, af Klint works almost exclusively in watercolour using the wet-on-wet technique, producing more than 400 works. On New Year\u2019s Eve, the Goetheanum in Dornach is destroyed in a fire.<\/p>\n<p>1924 Writes to Rudolf Steiner on 24 April and asks for advice about where her paintings could be useful. Steiner encourages her not to destroy them and believes in their ultimate usefulness.<\/p>\n<p>1926 Moves to Uppsala with Thomasine Andersson. Begins to edit her older notebooks.<\/p>\n<p>1927 Visits Amsterdam in November. Donates her notebook Flowers, Mosses and Lichen and the Tree of Knowledge series to the Goetheanum in Dornach.<\/p>\n<p>1928 Visits London in July and exhibits works at the World Congress for Spiritual Science, an exhibition organised by the Anthroposophical Society in Great Britain.<\/p>\n<p>1931 Various sites for the temple are suggested over the course of several years, among them the island of Ven in the \u00d6resund strait, for which a spiral-shaped temple is sketched. Further sketches and notes for the project follow. Moves with Thomasine Andersson to Helsingborg.<\/p>\n<p>1932 Paints Green Flame in Red = Self-Satisfaction.<\/p>\n<p>1934 Paints Virgil and Dante. Moves with Thomasine Andersson to Lund. 1936 Paints Anna Cassel\u2019s Earlier Incarnations, The Image of Lucifer and Gusten in the Underworld.<\/p>\n<p>1937 Gives a lecture at the Anthroposophical Society in Stockholm and asks the Society to protect her paintings. Anna Cassel dies.<\/p>\n<p>1938 On 20 August, shows her paintings and explains the significance of her work to her nephew Erik af Klint (19011981), during his visit to Muns\u00f6.<\/p>\n<p>1940 Thomasine Andersson dies.<\/p>\n<p>1941 Completes her last paintings: The First Goetheanum, The Transformation of the Swan into a Human and The New Resurrected Goetheanum.<\/p>\n<p>1943 Turns down an offer from the artist Tyra Kleen to house her paintings in a new building belonging to the Sigtuna Foundation.<\/p>\n<p>1944 In August, moves in with her cousin, Hedvig af Klint, at \u00d6sby in Djursholm outside Stockholm. Hilma af Klint dies on 21 October after a traffic accident. Her nephew Erik af Klint (1901\u20131981) is the sole heir of her works: some 1,300 paintings, 124 notebooks and more than 26,000 handwritten and typed pages.<\/p>\n<p>1972 Vice Admiral Erik af Klint establishes the Hilma af Klint Foundation in order to preserve her works.<\/p>\n<p>1979 Erik\u2019s son, Gustaf af Klint (1930\u20132010), succeeds Erik as chairman.<\/p>\n<p>1986-1987 The first international exhibition of Hilma af Klint\u2019s works is held at the Los Angeles County Museum of Art.<\/p>\n<p>1989 The Swedish art historian \u00c5ke Fant publishes his ground-breaking work Hilma af Klint: Occult Painter and Abstract Pioneer.<\/p>\n<p>2013 Hilma af Klint has her international breakthrough with Moderna Museet\u2019s exhibition in Stockholm under then director Daniel Birnbaum. This leads to an acclaimed exhibition at the Guggenheim Museum in New York in 2018\u20132019. A series of academic seminars arranged by Axel and Margaret Ax:son Johnson Foundation for Public Benefit is held, stimulating new research on Hilma af Klint.<\/p>\n<p>2020\u20132022 A catalogue raisonn\u00e9 is produced and published by Bokf\u00f6rlaget Stolpe, edited by Kurt Almqvist and Daniel Birnbaum.<\/p>\n<p>2021\u20132022 The virtual reality experience The Temple featuring Hilma af Klint\u2019s works is produced through a collaboration between Bokf\u00f6rlaget Stolpe, Acute Art and Axel and Margaret Ax:son Johnson Foundation for Public Benefit.<\/p>\n    <\/div>\n<\/div>","protected":false},"excerpt":{"rendered":"","protected":false},"author":4,"featured_media":0,"parent":0,"menu_order":0,"comment_status":"closed","ping_status":"closed","template":"templates\/template-general.php","meta":{"_acf_changed":false,"footnotes":""},"class_list":["post-11539","page","type-page","status-publish","hentry"],"acf":[],"yoast_head":"<!-- This site is optimized with the Yoast SEO plugin v27.5 - https:\/\/yoast.com\/product\/yoast-seo-wordpress\/ -->\n<title>About Hilma af Klint - Bokf\u00f6rlaget Stolpe<\/title>\n<meta name=\"robots\" content=\"index, follow, max-snippet:-1, max-image-preview:large, max-video-preview:-1\" \/>\n<link rel=\"canonical\" href=\"https:\/\/bokforlagetstolpe.com\/en\/about-hilma-af-klint\/\" \/>\n<meta property=\"og:locale\" content=\"en_US\" \/>\n<meta property=\"og:type\" content=\"article\" \/>\n<meta property=\"og:title\" content=\"About Hilma af Klint - Bokf\u00f6rlaget Stolpe\" \/>\n<meta property=\"og:url\" content=\"https:\/\/bokforlagetstolpe.com\/en\/about-hilma-af-klint\/\" \/>\n<meta property=\"og:site_name\" content=\"Bokf\u00f6rlaget Stolpe\" \/>\n<meta property=\"article:modified_time\" content=\"2026-04-13T11:35:45+00:00\" \/>\n<meta name=\"twitter:card\" content=\"summary_large_image\" \/>\n<script type=\"application\/ld+json\" class=\"yoast-schema-graph\">{\"@context\":\"https:\\\/\\\/schema.org\",\"@graph\":[{\"@type\":\"WebPage\",\"@id\":\"https:\\\/\\\/bokforlagetstolpe.com\\\/en\\\/about-hilma-af-klint\\\/\",\"url\":\"https:\\\/\\\/bokforlagetstolpe.com\\\/en\\\/about-hilma-af-klint\\\/\",\"name\":\"About Hilma af Klint - Bokf\u00f6rlaget Stolpe\",\"isPartOf\":{\"@id\":\"https:\\\/\\\/bokforlagetstolpe.com\\\/en\\\/#website\"},\"datePublished\":\"2022-10-05T13:38:26+00:00\",\"dateModified\":\"2026-04-13T11:35:45+00:00\",\"breadcrumb\":{\"@id\":\"https:\\\/\\\/bokforlagetstolpe.com\\\/en\\\/about-hilma-af-klint\\\/#breadcrumb\"},\"inLanguage\":\"en-US\",\"potentialAction\":[{\"@type\":\"ReadAction\",\"target\":[\"https:\\\/\\\/bokforlagetstolpe.com\\\/en\\\/about-hilma-af-klint\\\/\"]}]},{\"@type\":\"BreadcrumbList\",\"@id\":\"https:\\\/\\\/bokforlagetstolpe.com\\\/en\\\/about-hilma-af-klint\\\/#breadcrumb\",\"itemListElement\":[{\"@type\":\"ListItem\",\"position\":1,\"name\":\"Home\",\"item\":\"https:\\\/\\\/bokforlagetstolpe.com\\\/en\\\/\"},{\"@type\":\"ListItem\",\"position\":2,\"name\":\"About Hilma af Klint\"}]},{\"@type\":\"WebSite\",\"@id\":\"https:\\\/\\\/bokforlagetstolpe.com\\\/en\\\/#website\",\"url\":\"https:\\\/\\\/bokforlagetstolpe.com\\\/en\\\/\",\"name\":\"Bokf\u00f6rlaget Stolpe\",\"description\":\"\",\"potentialAction\":[{\"@type\":\"SearchAction\",\"target\":{\"@type\":\"EntryPoint\",\"urlTemplate\":\"https:\\\/\\\/bokforlagetstolpe.com\\\/en\\\/?s={search_term_string}\"},\"query-input\":{\"@type\":\"PropertyValueSpecification\",\"valueRequired\":true,\"valueName\":\"search_term_string\"}}],\"inLanguage\":\"en-US\"}]}<\/script>\n<!-- \/ Yoast SEO plugin. -->","yoast_head_json":{"title":"About Hilma af Klint - Bokf\u00f6rlaget Stolpe","robots":{"index":"index","follow":"follow","max-snippet":"max-snippet:-1","max-image-preview":"max-image-preview:large","max-video-preview":"max-video-preview:-1"},"canonical":"https:\/\/bokforlagetstolpe.com\/en\/about-hilma-af-klint\/","og_locale":"en_US","og_type":"article","og_title":"About Hilma af Klint - Bokf\u00f6rlaget Stolpe","og_url":"https:\/\/bokforlagetstolpe.com\/en\/about-hilma-af-klint\/","og_site_name":"Bokf\u00f6rlaget Stolpe","article_modified_time":"2026-04-13T11:35:45+00:00","twitter_card":"summary_large_image","schema":{"@context":"https:\/\/schema.org","@graph":[{"@type":"WebPage","@id":"https:\/\/bokforlagetstolpe.com\/en\/about-hilma-af-klint\/","url":"https:\/\/bokforlagetstolpe.com\/en\/about-hilma-af-klint\/","name":"About Hilma af Klint - Bokf\u00f6rlaget Stolpe","isPartOf":{"@id":"https:\/\/bokforlagetstolpe.com\/en\/#website"},"datePublished":"2022-10-05T13:38:26+00:00","dateModified":"2026-04-13T11:35:45+00:00","breadcrumb":{"@id":"https:\/\/bokforlagetstolpe.com\/en\/about-hilma-af-klint\/#breadcrumb"},"inLanguage":"en-US","potentialAction":[{"@type":"ReadAction","target":["https:\/\/bokforlagetstolpe.com\/en\/about-hilma-af-klint\/"]}]},{"@type":"BreadcrumbList","@id":"https:\/\/bokforlagetstolpe.com\/en\/about-hilma-af-klint\/#breadcrumb","itemListElement":[{"@type":"ListItem","position":1,"name":"Home","item":"https:\/\/bokforlagetstolpe.com\/en\/"},{"@type":"ListItem","position":2,"name":"About Hilma af Klint"}]},{"@type":"WebSite","@id":"https:\/\/bokforlagetstolpe.com\/en\/#website","url":"https:\/\/bokforlagetstolpe.com\/en\/","name":"Bokf\u00f6rlaget Stolpe","description":"","potentialAction":[{"@type":"SearchAction","target":{"@type":"EntryPoint","urlTemplate":"https:\/\/bokforlagetstolpe.com\/en\/?s={search_term_string}"},"query-input":{"@type":"PropertyValueSpecification","valueRequired":true,"valueName":"search_term_string"}}],"inLanguage":"en-US"}]}},"_links":{"self":[{"href":"https:\/\/bokforlagetstolpe.com\/en\/wp-json\/wp\/v2\/pages\/11539","targetHints":{"allow":["GET"]}}],"collection":[{"href":"https:\/\/bokforlagetstolpe.com\/en\/wp-json\/wp\/v2\/pages"}],"about":[{"href":"https:\/\/bokforlagetstolpe.com\/en\/wp-json\/wp\/v2\/types\/page"}],"author":[{"embeddable":true,"href":"https:\/\/bokforlagetstolpe.com\/en\/wp-json\/wp\/v2\/users\/4"}],"replies":[{"embeddable":true,"href":"https:\/\/bokforlagetstolpe.com\/en\/wp-json\/wp\/v2\/comments?post=11539"}],"version-history":[{"count":4,"href":"https:\/\/bokforlagetstolpe.com\/en\/wp-json\/wp\/v2\/pages\/11539\/revisions"}],"predecessor-version":[{"id":47433,"href":"https:\/\/bokforlagetstolpe.com\/en\/wp-json\/wp\/v2\/pages\/11539\/revisions\/47433"}],"wp:attachment":[{"href":"https:\/\/bokforlagetstolpe.com\/en\/wp-json\/wp\/v2\/media?parent=11539"}],"curies":[{"name":"wp","href":"https:\/\/api.w.org\/{rel}","templated":true}]}}